{"id":685,"date":"2017-02-27T21:15:06","date_gmt":"2017-02-27T20:15:06","guid":{"rendered":"http:\/\/browny2.bplaced.net\/wp2\/?page_id=5"},"modified":"2023-12-06T15:29:50","modified_gmt":"2023-12-06T14:29:50","slug":"fluehling","status":"publish","type":"page","link":"https:\/\/chemena.de\/cms\/","title":{"rendered":"Start"},"content":{"rendered":"\n\n\n\n<div class=\"is-layout-flex wp-container-3 wp-block-columns\">\n<div class=\"is-layout-flow wp-block-column\" style=\"flex-basis:33.33%\">\n<h3>Willkommen bei chemena!<\/h3>\n\n\n\n<figure class=\"wp-block-image is-resized\"><img decoding=\"async\" loading=\"lazy\" src=\"https:\/\/chemena.de\/cms\/wp-content\/uploads\/2023\/11\/logo-top-arbeitgeber-2022-80.png\" alt=\"\" class=\"wp-image-1343\" width=\"297\" height=\"231\"\/><\/figure>\n<\/div>\n\n\n\n<div class=\"is-layout-flow wp-block-column\" style=\"flex-basis:66.66%\">\n<figure class=\"wp-block-image size-full\"><img decoding=\"async\" loading=\"lazy\" width=\"323\" height=\"17\" src=\"https:\/\/chemena.de\/cms\/wp-content\/uploads\/2023\/11\/blank.jpg\" alt=\"\" class=\"wp-image-1356\" srcset=\"https:\/\/chemena.de\/cms\/wp-content\/uploads\/2023\/11\/blank.jpg 323w, https:\/\/chemena.de\/cms\/wp-content\/uploads\/2023\/11\/blank-300x16.jpg 300w\" sizes=\"(max-width: 323px) 100vw, 323px\" \/><\/figure>\n\n\n\n<p>Als zuverl\u00e4ssiger Partner f\u00fcr Industrie, Handwerk und Kommune setzen wir unsere Kernkompetenz auf die Entwicklung und den Vertrieb innovativer chemisch-technischer Spezialprodukte.<\/p>\n\n\n\n<p>Es ist uns wichtig, den hohen Anforderungen unserer Kunden jederzeit mit einem individuellen Produktsortiment auf h\u00f6chster Qualit\u00e4tsebene zu begegnen.<\/p>\n\n\n\n<p>Ihren vielf\u00e4ltigen Bed\u00fcrfnissen und Anspr\u00fcchen nicht nur zu gen\u00fcgen, sondern sie auch zu \u00fcbertreffen, ist stets unsere Herausforderung und bestimmt die Entwicklung der Zukunft.<\/p>\n\n\n\n<p>Dabei definieren wir unseren Erfolg \u00fcber die Zufriedenheit des einzelnen Kunden und es gilt, seinen vorrangigen Nutzen mit einem leistungsf\u00e4higen Produkt dauerhaft zu bedienen.<\/p>\n<\/div>\n<\/div>\n","protected":false},"excerpt":{"rendered":"<p>Willkommen bei chemena! Als zuverl\u00e4ssiger Partner f\u00fcr Industrie, Handwerk und Kommune setzen wir unsere Kernkompetenz auf die Entwicklung und den Vertrieb innovativer chemisch-technischer Spezialprodukte. Es ist uns wichtig, den hohen Anforderungen unserer Kunden jederzeit mit einem individuellen Produktsortiment auf h\u00f6chster Qualit\u00e4tsebene zu begegnen. Ihren vielf\u00e4ltigen Bed\u00fcrfnissen und Anspr\u00fcchen nicht nur zu gen\u00fcgen, sondern sie auch <a class=\"more-link\" href=\"https:\/\/chemena.de\/cms\/\">Weiterlesen <i class=\"fa fa-chevron-right\"><\/i><\/a><\/p>\n","protected":false},"author":2,"featured_media":0,"parent":0,"menu_order":10,"comment_status":"closed","ping_status":"closed","template":"page-fullwidth.php","meta":[],"aioseo_notices":[],"_links":{"self":[{"href":"https:\/\/chemena.de\/cms\/wp-json\/wp\/v2\/pages\/685"}],"collection":[{"href":"https:\/\/chemena.de\/cms\/wp-json\/wp\/v2\/pages"}],"about":[{"href":"https:\/\/chemena.de\/cms\/wp-json\/wp\/v2\/types\/page"}],"author":[{"embeddable":true,"href":"https:\/\/chemena.de\/cms\/wp-json\/wp\/v2\/users\/2"}],"replies":[{"embeddable":true,"href":"https:\/\/chemena.de\/cms\/wp-json\/wp\/v2\/comments?post=685"}],"version-history":[{"count":58,"href":"https:\/\/chemena.de\/cms\/wp-json\/wp\/v2\/pages\/685\/revisions"}],"predecessor-version":[{"id":1477,"href":"https:\/\/chemena.de\/cms\/wp-json\/wp\/v2\/pages\/685\/revisions\/1477"}],"wp:attachment":[{"href":"https:\/\/chemena.de\/cms\/wp-json\/wp\/v2\/media?parent=685"}],"curies":[{"name":"wp","href":"https:\/\/api.w.org\/{rel}","templated":true}]}}