{"id":283,"date":"2018-10-31T21:47:45","date_gmt":"2018-10-31T20:47:45","guid":{"rendered":"http:\/\/browny2.bplaced.net\/wp2\/?page_id=283"},"modified":"2025-01-16T11:16:39","modified_gmt":"2025-01-16T10:16:39","slug":"zero-touch","status":"publish","type":"page","link":"https:\/\/chemena.de\/cms\/produkte\/zero-touch\/","title":{"rendered":"Zero Touch"},"content":{"rendered":"\n<div class=\"is-layout-flex wp-container-3 wp-block-columns\">\n<div class=\"is-layout-flow wp-block-column\" style=\"flex-basis:66.66%\">\n<h4>Die edle Edelstahlpflege mit dem Anti-Fingerprinteffekt<\/h4>\n\n\n<div class=\"wp-block-image\">\n<figure class=\"alignleft\"><img decoding=\"async\" src=\"https:\/\/chemena.de\/cms\/wp-content\/uploads\/2018\/11\/Zero_Touch.jpg\" alt=\"Zero Touch\" class=\"wp-image-177\"\/><\/figure><\/div>\n\n\n<p>Vor der Erstbehandlung raten wir die zu behandelnde Oberfl\u00e4che, bedingt durch deren Verschmutzungsgrad, mit einem geeigneten Reinigungsmittel vorzureinigen. F\u00fcr einen guten Anti-Fingerprinteffekt ist ein m\u00f6glichst \u201ed\u00fcnner\u201c Auftrag auf die Oberfl\u00e4che entscheidend. Hier ist eine indirekte Applikation, bei der man das Produkt auf einen saugf\u00e4higen Lappen aufspr\u00fcht und damit die Oberfl\u00e4che gleichm\u00e4\u00dfig behandelt, immer von Vorteil.<\/p>\n\n\n\n<p>Durch die hervorragende Reinigungsleistung von Zero Touch ist nach der Erstbehandlung in den meisten F\u00e4llen kein erneutes Vorreinigen mehr erforderlich. Einfach wieder neu auftragen und fertig.<\/p>\n<\/div>\n\n\n\n<div class=\"is-layout-flow wp-block-column\" style=\"flex-basis:33.33%\">\n<ul>\n<li>frei von Silikon, Paraffin und Wei\u00df\u00f6l<\/li>\n\n\n\n<li>kein l\u00e4stiger Schichtaufbau<\/li>\n\n\n\n<li>gute Reinigungsleistung<\/li>\n\n\n\n<li>extrem hohe Ergiebigkeit<\/li>\n\n\n\n<li>hervorragende Umweltvertr\u00e4glichkeit<\/li>\n\n\n\n<li>sehr gut biologisch abbaubar<\/li>\n\n\n\n<li>kennzeichnungsfrei<\/li>\n<\/ul>\n\n\n\n<h3>Anwendungsgebiete:<\/h3>\n\n\n\n<ul>\n<li>Edelstahlverarbeitende Betriebe<\/li>\n\n\n\n<li>Lebensmittelindustrie<\/li>\n\n\n\n<li>Gro\u00dfk\u00fcchen und Kantinen<\/li>\n\n\n\n<li>Hotel und Gastronomie<\/li>\n\n\n\n<li>Krankenh\u00e4user und Pflegeheime<\/li>\n\n\n\n<li>\u00d6ffentliche Einrichtungen und Beh\u00f6rden<\/li>\n<\/ul>\n\n\n\n<h5><a href=\"https:\/\/chemena.de\/cms\/wp-content\/uploads\/2018\/11\/Flyer-Zero-Touch_2016-01-6c-final.pdf\" target=\"_blank\" rel=\"noreferrer noopener\">Download Zero Touch PDF<\/a><\/h5>\n\n\n\n<h5><a href=\"https:\/\/chemena.de\/cms\/wp-content\/uploads\/2025\/01\/SDB-Zero-Touch-DE1710.pdf\" target=\"_blank\" rel=\"noopener\" title=\"\">Sicherheits-Datenblatt<\/a><\/h5>\n\n\n\n<h5><a href=\"https:\/\/chemena.de\/cms\/produkte\/\">Zur \u00dcbersicht<\/a><\/h5>\n<\/div>\n<\/div>\n","protected":false},"excerpt":{"rendered":"<p>Die edle Edelstahlpflege mit dem Anti-Fingerprinteffekt Vor der Erstbehandlung raten wir die zu behandelnde Oberfl\u00e4che, bedingt durch deren Verschmutzungsgrad, mit einem geeigneten Reinigungsmittel vorzureinigen. F\u00fcr einen guten Anti-Fingerprinteffekt ist ein m\u00f6glichst \u201ed\u00fcnner\u201c Auftrag auf die Oberfl\u00e4che entscheidend. Hier ist eine indirekte Applikation, bei der man das Produkt auf einen saugf\u00e4higen Lappen aufspr\u00fcht und damit die <a class=\"more-link\" href=\"https:\/\/chemena.de\/cms\/produkte\/zero-touch\/\">Weiterlesen <i class=\"fa fa-chevron-right\"><\/i><\/a><\/p>\n","protected":false},"author":2,"featured_media":0,"parent":133,"menu_order":450,"comment_status":"closed","ping_status":"closed","template":"page-fullwidth.php","meta":[],"aioseo_notices":[],"_links":{"self":[{"href":"https:\/\/chemena.de\/cms\/wp-json\/wp\/v2\/pages\/283"}],"collection":[{"href":"https:\/\/chemena.de\/cms\/wp-json\/wp\/v2\/pages"}],"about":[{"href":"https:\/\/chemena.de\/cms\/wp-json\/wp\/v2\/types\/page"}],"author":[{"embeddable":true,"href":"https:\/\/chemena.de\/cms\/wp-json\/wp\/v2\/users\/2"}],"replies":[{"embeddable":true,"href":"https:\/\/chemena.de\/cms\/wp-json\/wp\/v2\/comments?post=283"}],"version-history":[{"count":5,"href":"https:\/\/chemena.de\/cms\/wp-json\/wp\/v2\/pages\/283\/revisions"}],"predecessor-version":[{"id":1534,"href":"https:\/\/chemena.de\/cms\/wp-json\/wp\/v2\/pages\/283\/revisions\/1534"}],"up":[{"embeddable":true,"href":"https:\/\/chemena.de\/cms\/wp-json\/wp\/v2\/pages\/133"}],"wp:attachment":[{"href":"https:\/\/chemena.de\/cms\/wp-json\/wp\/v2\/media?parent=283"}],"curies":[{"name":"wp","href":"https:\/\/api.w.org\/{rel}","templated":true}]}}