{"id":279,"date":"2018-10-31T21:46:47","date_gmt":"2018-10-31T20:46:47","guid":{"rendered":"http:\/\/browny2.bplaced.net\/wp2\/?page_id=279"},"modified":"2025-06-27T09:52:33","modified_gmt":"2025-06-27T07:52:33","slug":"bio-solution","status":"publish","type":"page","link":"https:\/\/chemena.de\/cms\/produkte\/bio-solution\/","title":{"rendered":"Bio Solution"},"content":{"rendered":"\n<div class=\"is-layout-flex wp-container-3 wp-block-columns\">\n<div class=\"is-layout-flow wp-block-column\" style=\"flex-basis:66.66%\">\n<h4>Der kennzeichnungsfreie gebrauchsfertige L\u00f6semittelersatz<\/h4>\n\n\n\n<figure class=\"wp-block-image size-full\"><img decoding=\"async\" loading=\"lazy\" width=\"750\" height=\"450\" src=\"https:\/\/chemena.de\/cms\/wp-content\/uploads\/2023\/12\/bio-solution-chemena.jpg\" alt=\"\" class=\"wp-image-1467\" srcset=\"https:\/\/chemena.de\/cms\/wp-content\/uploads\/2023\/12\/bio-solution-chemena.jpg 750w, https:\/\/chemena.de\/cms\/wp-content\/uploads\/2023\/12\/bio-solution-chemena-300x180.jpg 300w\" sizes=\"(max-width: 750px) 100vw, 750px\" \/><\/figure>\n\n\n\n<p>BioSolution ist der kennzeichnungsfreie gebrauchsfertige L\u00f6semittelersatz auf w\u00e4ssriger Basis mit einem VOC-Gehalt unter 20%. BioSolution unterliegt nicht der EU-L\u00f6semittelverordnung und ist gem\u00e4\u00df der CLP-Verordnung kennzeichnungsfrei.<\/p>\n\n\n\n<p>Durch sein beachtliches Verfl\u00fcchtigungs- und L\u00f6severm\u00f6gen ist BioSolution eine sinnvolle Alternative zu vielen L\u00f6sungsmitteln, Kaltreinigern, Nitroverd\u00fcnnungen und dgl. mehr. Das gebrauchsfertige Produkt wird fl\u00e4chendeckend mit Spr\u00fchger\u00e4t oder Pumpzerst\u00e4uber aufgespr\u00fcht und nach kurzer Einwirkzeit einfach abgewischt. An unzug\u00e4nglichen Stellen kann auch das Abblasen mit Pressluft den gew\u00fcnschten Effekt bieten.<\/p>\n<\/div>\n\n\n\n<div class=\"is-layout-flow wp-block-column\" style=\"flex-basis:33.33%\">\n<ul>\n<li>l\u00f6st Korrosionsschutz- und Bearbeitungs\u00f6le<\/li>\n\n\n\n<li>entfernt Fette und leichte Wachsr\u00fcckst\u00e4nde<\/li>\n\n\n\n<li>schnelles Verfl\u00fcchtigungsverhalten<\/li>\n\n\n\n<li>gebrauchsfertig und kennzeichnungsfrei<\/li>\n\n\n\n<li>VOC reduziert unter 20%<\/li>\n\n\n\n<li>Tenside sind biologisch abbaubar (gem\u00e4\u00df EU-Richtlinie)<\/li>\n<\/ul>\n\n\n\n<h3>Anwendungsgebiete:<\/h3>\n\n\n\n<ul>\n<li>Lackierindustrie (zur Reinigung und Entfettung vor dem Lackieren)<\/li>\n\n\n\n<li>Metallverarbeitung (Entfernung von \u00d6len, Fetten und Schleifst\u00e4uben)<\/li>\n\n\n\n<li>Werkzeug- und Formenbau (L\u00f6sen von Trennmitteln und Wachse)<\/li>\n\n\n\n<li>Instandhaltungstechnik (Reinigen von Korrosionsschutz- und Bearbeitungs\u00f6len)<\/li>\n\n\n\n<li>Druckereien (als Ersatz f\u00fcr L\u00f6sungsmittel und Nitroverd\u00fcnnungen)<\/li>\n<\/ul>\n\n\n\n<h5><a href=\"https:\/\/chemena.de\/cms\/wp-content\/uploads\/2018\/11\/Flyer-BioSolution_2015-11-6c-final.pdf\" target=\"_blank\" rel=\"noopener\" title=\"\">Download Bio Solution PDF<\/a><\/h5>\n\n\n\n<h5><a href=\"https:\/\/chemena.de\/cms\/wp-content\/uploads\/2025\/06\/BioSolution_D_DE_CLP_2025-1.pdf\" target=\"_blank\" rel=\"noopener\" title=\"\">Sicherheits-Datenblatt<\/a><\/h5>\n\n\n\n<h5><a href=\"https:\/\/chemena.de\/cms\/produkte\/\">Zur \u00dcbersicht<\/a><\/h5>\n\n\n\n<h5><a href=\"https:\/\/chemena.de\/cms\/produkte\/stone-ex\/\">N\u00e4chstes Produkt<\/a><\/h5>\n<\/div>\n<\/div>\n","protected":false},"excerpt":{"rendered":"<p>Der kennzeichnungsfreie gebrauchsfertige L\u00f6semittelersatz BioSolution ist der kennzeichnungsfreie gebrauchsfertige L\u00f6semittelersatz auf w\u00e4ssriger Basis mit einem VOC-Gehalt unter 20%. BioSolution unterliegt nicht der EU-L\u00f6semittelverordnung und ist gem\u00e4\u00df der CLP-Verordnung kennzeichnungsfrei. Durch sein beachtliches Verfl\u00fcchtigungs- und L\u00f6severm\u00f6gen ist BioSolution eine sinnvolle Alternative zu vielen L\u00f6sungsmitteln, Kaltreinigern, Nitroverd\u00fcnnungen und dgl. mehr. Das gebrauchsfertige Produkt wird fl\u00e4chendeckend mit Spr\u00fchger\u00e4t <a class=\"more-link\" href=\"https:\/\/chemena.de\/cms\/produkte\/bio-solution\/\">Weiterlesen <i class=\"fa fa-chevron-right\"><\/i><\/a><\/p>\n","protected":false},"author":2,"featured_media":0,"parent":133,"menu_order":440,"comment_status":"closed","ping_status":"closed","template":"page-fullwidth.php","meta":[],"aioseo_notices":[],"_links":{"self":[{"href":"https:\/\/chemena.de\/cms\/wp-json\/wp\/v2\/pages\/279"}],"collection":[{"href":"https:\/\/chemena.de\/cms\/wp-json\/wp\/v2\/pages"}],"about":[{"href":"https:\/\/chemena.de\/cms\/wp-json\/wp\/v2\/types\/page"}],"author":[{"embeddable":true,"href":"https:\/\/chemena.de\/cms\/wp-json\/wp\/v2\/users\/2"}],"replies":[{"embeddable":true,"href":"https:\/\/chemena.de\/cms\/wp-json\/wp\/v2\/comments?post=279"}],"version-history":[{"count":6,"href":"https:\/\/chemena.de\/cms\/wp-json\/wp\/v2\/pages\/279\/revisions"}],"predecessor-version":[{"id":1541,"href":"https:\/\/chemena.de\/cms\/wp-json\/wp\/v2\/pages\/279\/revisions\/1541"}],"up":[{"embeddable":true,"href":"https:\/\/chemena.de\/cms\/wp-json\/wp\/v2\/pages\/133"}],"wp:attachment":[{"href":"https:\/\/chemena.de\/cms\/wp-json\/wp\/v2\/media?parent=279"}],"curies":[{"name":"wp","href":"https:\/\/api.w.org\/{rel}","templated":true}]}}