{"id":277,"date":"2018-10-31T21:46:15","date_gmt":"2018-10-31T20:46:15","guid":{"rendered":"http:\/\/browny2.bplaced.net\/wp2\/?page_id=277"},"modified":"2023-12-06T13:39:32","modified_gmt":"2023-12-06T12:39:32","slug":"handissimo","status":"publish","type":"page","link":"https:\/\/chemena.de\/cms\/produkte\/handissimo\/","title":{"rendered":"HANDISSIMO"},"content":{"rendered":"\n<div class=\"is-layout-flex wp-container-3 wp-block-columns\">\n<div class=\"is-layout-flow wp-block-column\" style=\"flex-basis:66.66%\">\n<h4>Die professionelle Hauthygiene am Arbeitsplatz<\/h4>\n\n\n<div class=\"wp-block-image\">\n<figure class=\"alignleft\"><img decoding=\"async\" src=\"https:\/\/chemena.de\/cms\/wp-content\/uploads\/2018\/11\/handissimo.jpg\" alt=\"HANDISSIMO Green Lemon\" class=\"wp-image-177\"\/><\/figure><\/div>\n\n\n<p><br>HANDISSIMO Green Lemon ist eine cremige Handreinigungspaste mit nat\u00fcrlichen und pflegenden Substanzen, kombiniert mit ausgew\u00e4hlten Waschaktivsubstanzen und hautschonenden Reibek\u00f6rpern aus mikronisiertem Kunststoffmehl, die weder Abfl\u00fcsse noch Rohrleitungen verstopfen.<\/p>\n\n\n\n<p>HANDISSIMO Green Lemon ist hervorragend geeignet f\u00fcr die besonders hautfreundliche und porentief gr\u00fcndliche Handreinigung selbst bei st\u00e4rkster Industrieverschmutzung wie z.B. Metallabrieb, Graphitstaub, \u00d6le, Schmierfette etc.<\/p>\n\n\n\n<p>HANDISSIMO Green Lemon je nach Verschmutzungsgrad eine kleine Portion in die trockenen oder leicht mit Wasser benetzten H\u00e4nde gut einreiben bis der Schmutz sich l\u00f6st. Etwas Wasser zugeben und gr\u00fcndlich nachwaschen, danach mit ausreichend Wasser schaumfrei absp\u00fclen.<br>Die Haut f\u00fchlt sich nach dem Waschvorgang angenehm weich und geschmeidig an.<\/p>\n<\/div>\n\n\n\n<div class=\"is-layout-flow wp-block-column\" style=\"flex-basis:33.33%\">\n<ul>\n<li>St\u00e4rkste Reinigungskraft auch bei extremer Verschmutzung durch \u00d6le, Fette, Metallst\u00e4ube, Graphit, Ru\u00df und Schmierstoffe<\/li>\n\n\n\n<li>Mit Reibek\u00f6rpern aus mikronisiertem Kunststoffmehl<\/li>\n\n\n\n<li>Enth\u00e4lt pflegende Substanzen und nat\u00fcrliche L\u00f6sungsvermittler<\/li>\n\n\n\n<li>Dem pH-Wert der Haut angepasst<\/li>\n\n\n\n<li>Dermatologisch getestet<\/li>\n<\/ul>\n\n\n\n<h5><a href=\"https:\/\/chemena.de\/cms\/wp-content\/uploads\/2018\/11\/Flyer-Handissimo-Green-Lemon.pdf\" target=\"_blank\" rel=\"noreferrer noopener\">Download HANDISSIMO PDF<\/a><\/h5>\n\n\n\n<h5><a href=\"https:\/\/chemena.de\/cms\/wp-content\/uploads\/2021\/11\/SDB-Handissimo-Green-Lemon-DE101247.pdf\" target=\"_blank\" rel=\"noreferrer noopener\">Sicherheits-Datenblatt<\/a><\/h5>\n\n\n\n<h5><a href=\"https:\/\/chemena.de\/cms\/produkte\/\">Zur \u00dcbersicht<\/a><\/h5>\n\n\n\n<h5><a href=\"https:\/\/chemena.de\/cms\/produkte\/bio-solution\/\">N\u00e4chstes Produkt<\/a><\/h5>\n<\/div>\n<\/div>\n","protected":false},"excerpt":{"rendered":"<p>Die professionelle Hauthygiene am Arbeitsplatz HANDISSIMO Green Lemon ist eine cremige Handreinigungspaste mit nat\u00fcrlichen und pflegenden Substanzen, kombiniert mit ausgew\u00e4hlten Waschaktivsubstanzen und hautschonenden Reibek\u00f6rpern aus mikronisiertem Kunststoffmehl, die weder Abfl\u00fcsse noch Rohrleitungen verstopfen. HANDISSIMO Green Lemon ist hervorragend geeignet f\u00fcr die besonders hautfreundliche und porentief gr\u00fcndliche Handreinigung selbst bei st\u00e4rkster Industrieverschmutzung wie z.B. Metallabrieb, Graphitstaub, <a class=\"more-link\" href=\"https:\/\/chemena.de\/cms\/produkte\/handissimo\/\">Weiterlesen <i class=\"fa fa-chevron-right\"><\/i><\/a><\/p>\n","protected":false},"author":2,"featured_media":0,"parent":133,"menu_order":435,"comment_status":"closed","ping_status":"closed","template":"page-fullwidth.php","meta":[],"aioseo_notices":[],"_links":{"self":[{"href":"https:\/\/chemena.de\/cms\/wp-json\/wp\/v2\/pages\/277"}],"collection":[{"href":"https:\/\/chemena.de\/cms\/wp-json\/wp\/v2\/pages"}],"about":[{"href":"https:\/\/chemena.de\/cms\/wp-json\/wp\/v2\/types\/page"}],"author":[{"embeddable":true,"href":"https:\/\/chemena.de\/cms\/wp-json\/wp\/v2\/users\/2"}],"replies":[{"embeddable":true,"href":"https:\/\/chemena.de\/cms\/wp-json\/wp\/v2\/comments?post=277"}],"version-history":[{"count":8,"href":"https:\/\/chemena.de\/cms\/wp-json\/wp\/v2\/pages\/277\/revisions"}],"predecessor-version":[{"id":1396,"href":"https:\/\/chemena.de\/cms\/wp-json\/wp\/v2\/pages\/277\/revisions\/1396"}],"up":[{"embeddable":true,"href":"https:\/\/chemena.de\/cms\/wp-json\/wp\/v2\/pages\/133"}],"wp:attachment":[{"href":"https:\/\/chemena.de\/cms\/wp-json\/wp\/v2\/media?parent=277"}],"curies":[{"name":"wp","href":"https:\/\/api.w.org\/{rel}","templated":true}]}}