{"id":260,"date":"2018-10-31T21:39:16","date_gmt":"2018-10-31T20:39:16","guid":{"rendered":"http:\/\/browny2.bplaced.net\/wp2\/?page_id=260"},"modified":"2023-12-06T13:49:42","modified_gmt":"2023-12-06T12:49:42","slug":"back-up","status":"publish","type":"page","link":"https:\/\/chemena.de\/cms\/produkte\/back-up\/","title":{"rendered":"Back-up"},"content":{"rendered":"\n<div class=\"is-layout-flex wp-container-3 wp-block-columns\">\n<div class=\"is-layout-flow wp-block-column\" style=\"flex-basis:66.66%\">\n<h4>Der Backblechreiniger mit selbstt\u00e4tiger Wirkung<\/h4>\n\n\n<div class=\"wp-block-image\">\n<figure class=\"alignleft\"><img decoding=\"async\" src=\"https:\/\/chemena.de\/cms\/wp-content\/uploads\/2018\/11\/back_up.jpg\" alt=\"Back-up\" class=\"wp-image-177\"\/><\/figure><\/div>\n\n\n<p>Back-up wurde speziell f\u00fcr die Intensivreinigung von Backblechen, Formen, K\u00e4sten und R\u00e4ucherst\u00e4ben im Tauchbadeinsatz entwickelt.<\/p>\n\n\n\n<p>Hierbei ist das Tauchbad mit dem gebrauchsfertigen Back-up-Konzentrat soweit zu f\u00fcllen, bis alle zu reinigenden Teile komplett bedeckt sind. Damit bei Blechen eine optimale Schmutzdurchdringung gew\u00e4hrleistet ist, sollte ein Abstand zwischen den Blechen beachtet werden.<\/p>\n\n\n\n<p>Abh\u00e4ngig vom Grad der Verschmutzung betr\u00e4gt die Einwirkzeit bis zu 24 Stunden, wobei diese durch die Steigerung der Temperatur (bis ca. 65\u00b0C) reduziert werden kann.<\/p>\n\n\n\n<p>Nach der Behandlung sind die gel\u00f6sten R\u00fcckst\u00e4nde mit reichlich Wasser abzusp\u00fclen. Hierzu verwendet man am besten einen starken Wasserstrahl (bevorzugt mit einem Hochdruckger\u00e4t).<\/p>\n\n\n\n<p>Die hohe Wirkstoffkombination von Back-up macht es extrem wirtschaftlich, sodass mehrere Reinigungsprozesse m\u00f6glich sind.<\/p>\n<\/div>\n\n\n\n<div class=\"is-layout-flow wp-block-column\" style=\"flex-basis:33.33%\">\n<ul>\n<li>reinigt hartn\u00e4ckige eingebrannte Fett-, Eiwei\u00df- und Backr\u00fcckst\u00e4nde<\/li>\n\n\n\n<li>zur Tauchbadreinigung von Backblechen, Formen, K\u00e4sten und R\u00e4ucherst\u00e4ben<\/li>\n\n\n\n<li>hervorragende Reinigungskraft in beheizbaren Tauchb\u00e4dern bis ca. 65\u00b0C<\/li>\n\n\n\n<li>hochkonzentriert, gebrauchsfertig, wirtschaftlich<\/li>\n\n\n\n<li>Tenside sind gem. den EU-Richtlinien biologisch abbaubar<\/li>\n\n\n\n<li>greift Aluminium nicht an<\/li>\n<\/ul>\n\n\n\n<h3>Anwendungsgebiete:<\/h3>\n\n\n\n<ul>\n<li>B\u00e4ckereien<\/li>\n\n\n\n<li>Metzgereien<\/li>\n\n\n\n<li>Gro\u00dfk\u00fcchen<\/li>\n\n\n\n<li>Kantinen<\/li>\n\n\n\n<li>Imbisse<\/li>\n<\/ul>\n\n\n\n<h5><a href=\"https:\/\/chemena.de\/cms\/wp-content\/uploads\/2021\/11\/SDB-Backup-DE2521.pdf\" target=\"_blank\" rel=\"noreferrer noopener\">Download Back-up PDF<\/a><\/h5>\n\n\n\n<h5><a href=\"https:\/\/chemena.de\/cms\/wp-content\/uploads\/2021\/11\/SDB-Backup-DE2521.pdf\" target=\"_blank\" rel=\"noreferrer noopener\">Sicherheits-Datenblatt<\/a><\/h5>\n\n\n\n<h5><a href=\"https:\/\/chemena.de\/cms\/produkte\/\">Zur \u00dcbersicht<\/a><\/h5>\n\n\n\n<h5><a href=\"https:\/\/chemena.de\/cms\/produkte\/top-floor\/\">N\u00e4chstes Produkt<\/a><\/h5>\n<\/div>\n<\/div>\n","protected":false},"excerpt":{"rendered":"<p>Der Backblechreiniger mit selbstt\u00e4tiger Wirkung Back-up wurde speziell f\u00fcr die Intensivreinigung von Backblechen, Formen, K\u00e4sten und R\u00e4ucherst\u00e4ben im Tauchbadeinsatz entwickelt. Hierbei ist das Tauchbad mit dem gebrauchsfertigen Back-up-Konzentrat soweit zu f\u00fcllen, bis alle zu reinigenden Teile komplett bedeckt sind. Damit bei Blechen eine optimale Schmutzdurchdringung gew\u00e4hrleistet ist, sollte ein Abstand zwischen den Blechen beachtet werden. <a class=\"more-link\" href=\"https:\/\/chemena.de\/cms\/produkte\/back-up\/\">Weiterlesen <i class=\"fa fa-chevron-right\"><\/i><\/a><\/p>\n","protected":false},"author":2,"featured_media":0,"parent":133,"menu_order":395,"comment_status":"closed","ping_status":"closed","template":"page-fullwidth.php","meta":[],"aioseo_notices":[],"_links":{"self":[{"href":"https:\/\/chemena.de\/cms\/wp-json\/wp\/v2\/pages\/260"}],"collection":[{"href":"https:\/\/chemena.de\/cms\/wp-json\/wp\/v2\/pages"}],"about":[{"href":"https:\/\/chemena.de\/cms\/wp-json\/wp\/v2\/types\/page"}],"author":[{"embeddable":true,"href":"https:\/\/chemena.de\/cms\/wp-json\/wp\/v2\/users\/2"}],"replies":[{"embeddable":true,"href":"https:\/\/chemena.de\/cms\/wp-json\/wp\/v2\/comments?post=260"}],"version-history":[{"count":4,"href":"https:\/\/chemena.de\/cms\/wp-json\/wp\/v2\/pages\/260\/revisions"}],"predecessor-version":[{"id":1404,"href":"https:\/\/chemena.de\/cms\/wp-json\/wp\/v2\/pages\/260\/revisions\/1404"}],"up":[{"embeddable":true,"href":"https:\/\/chemena.de\/cms\/wp-json\/wp\/v2\/pages\/133"}],"wp:attachment":[{"href":"https:\/\/chemena.de\/cms\/wp-json\/wp\/v2\/media?parent=260"}],"curies":[{"name":"wp","href":"https:\/\/api.w.org\/{rel}","templated":true}]}}