{"id":258,"date":"2018-10-31T21:38:42","date_gmt":"2018-10-31T20:38:42","guid":{"rendered":"http:\/\/browny2.bplaced.net\/wp2\/?page_id=258"},"modified":"2025-01-16T10:42:20","modified_gmt":"2025-01-16T09:42:20","slug":"brennox-spezial","status":"publish","type":"page","link":"https:\/\/chemena.de\/cms\/produkte\/brennox-spezial\/","title":{"rendered":"Brennox Spezial"},"content":{"rendered":"\n<div class=\"is-layout-flex wp-container-3 wp-block-columns\">\n<div class=\"is-layout-flow wp-block-column\" style=\"flex-basis:66.66%\">\n<h4>Der extrastarke Intensivreiniger f\u00fcr besonders hartn\u00e4ckige R\u00fcckst\u00e4nde<\/h4>\n\n\n<div class=\"wp-block-image\">\n<figure class=\"alignleft\"><img decoding=\"async\" src=\"https:\/\/chemena.de\/cms\/wp-content\/uploads\/2018\/11\/brennox_spezial.jpg\" alt=\"Brennox Spezial\" class=\"wp-image-177\"\/><\/figure><\/div>\n\n\n<p>Brennox Spezial ist der kraftvolle hochalkalische Intensivreiniger zur schnellen und vollst\u00e4ndigen Beseitigung hartn\u00e4ckiger Verbrennungsr\u00fcckst\u00e4nde.<\/p>\n\n\n\n<p>Besonders f\u00fcr die oft problematische Reinigung von Back\u00f6fen, Stikkenw\u00e4gen, Konvektomaten, Grillger\u00e4ten, Grillrosten, Blechen, Pfannen und dergleichen entwickelt, reinigt Brennox Spezial selbst im kalten Zustand oft schon nach k\u00fcrzester Einwirkzeit m\u00fchelos die festsitzende Verschmutzung.<\/p>\n\n\n\n<p>Je nach Verschmutzungsgrad wird Brennox Spezial pur oder mit Wasser verd\u00fcnnt (bis max. 1:50) eingesetzt. Die zu reinigenden Fl\u00e4chen einspr\u00fchen bzw. mittels eines Kunststoffpinsels bestreichen und ausreichend lange einwirken lassen. Anschlie\u00dfend einfach gr\u00fcndlich mit klarem Wasser absp\u00fclen; ggf. Vorgang wiederholen.<\/p>\n\n\n\n<p>Durch Steigern der Reinigungstemperatur wird die L\u00f6seeigenschaft verbessert und die Einwirkzeit reduziert.<\/p>\n\n\n\n<p>Nicht f\u00fcr Aluminium, Buntmetalle oder lackierte Fl\u00e4chen geeignet.<\/p>\n<\/div>\n\n\n\n<div class=\"is-layout-flow wp-block-column\" style=\"flex-basis:33.33%\">\n<ul>\n<li>beseitigt eingebrannte und verkrustete R\u00fcckst\u00e4nde<\/li>\n\n\n\n<li>entfernt hartn\u00e4ckige Ru\u00df- und Schmierablagerung<\/li>\n\n\n\n<li>l\u00f6st stark verharzte Fett- und \u00d6lanhaftungen<\/li>\n\n\n\n<li>reinigt kraftvoll Rauchharz- und Eiwei\u00dfr\u00fcckst\u00e4nde sowie St\u00e4rke und Zuckerguss<\/li>\n\n\n\n<li>mit Senkrechthaftung<\/li>\n\n\n\n<li>l\u00f6semittelfrei und ohne gef\u00e4hrliche D\u00e4mpfe<\/li>\n<\/ul>\n\n\n\n<h3>Anwendungsgebiete:<\/h3>\n\n\n\n<ul>\n<li>B\u00e4ckereien<\/li>\n\n\n\n<li>Fleischereibetriebe<\/li>\n\n\n\n<li>Schlachth\u00f6fe<\/li>\n\n\n\n<li>Gastronomie<\/li>\n\n\n\n<li>Kantinen<\/li>\n\n\n\n<li>Gro\u00dfk\u00fcchen<\/li>\n\n\n\n<li>Imbisse<\/li>\n\n\n\n<li>Industrie- und Werkstatteinrichtungen<\/li>\n<\/ul>\n\n\n\n<h5><a href=\"https:\/\/chemena.de\/cms\/wp-content\/uploads\/2018\/11\/Flyer-Brennox_Spezial_2016-01-6c-final.pdf\" target=\"_blank\" rel=\"noreferrer noopener\">Download Brennox Spezial PDF<\/a><\/h5>\n\n\n\n<h5><a href=\"https:\/\/chemena.de\/cms\/wp-content\/uploads\/2025\/01\/SDB-Brennox-Spezial-DE1577.pdf\" target=\"_blank\" rel=\"noopener\" title=\"\">Sicherheits-Datenblatt<\/a><\/h5>\n\n\n\n<h5><a href=\"https:\/\/chemena.de\/cms\/produkte\/\">Zur \u00dcbersicht<\/a><\/h5>\n\n\n\n<h5><a href=\"https:\/\/chemena.de\/cms\/produkte\/back-up\/\">N\u00e4chstes Produkt<\/a><\/h5>\n<\/div>\n<\/div>\n","protected":false},"excerpt":{"rendered":"<p>Der extrastarke Intensivreiniger f\u00fcr besonders hartn\u00e4ckige R\u00fcckst\u00e4nde Brennox Spezial ist der kraftvolle hochalkalische Intensivreiniger zur schnellen und vollst\u00e4ndigen Beseitigung hartn\u00e4ckiger Verbrennungsr\u00fcckst\u00e4nde. Besonders f\u00fcr die oft problematische Reinigung von Back\u00f6fen, Stikkenw\u00e4gen, Konvektomaten, Grillger\u00e4ten, Grillrosten, Blechen, Pfannen und dergleichen entwickelt, reinigt Brennox Spezial selbst im kalten Zustand oft schon nach k\u00fcrzester Einwirkzeit m\u00fchelos die festsitzende Verschmutzung. Je <a class=\"more-link\" href=\"https:\/\/chemena.de\/cms\/produkte\/brennox-spezial\/\">Weiterlesen <i class=\"fa fa-chevron-right\"><\/i><\/a><\/p>\n","protected":false},"author":2,"featured_media":0,"parent":133,"menu_order":390,"comment_status":"closed","ping_status":"closed","template":"page-fullwidth.php","meta":[],"aioseo_notices":[],"_links":{"self":[{"href":"https:\/\/chemena.de\/cms\/wp-json\/wp\/v2\/pages\/258"}],"collection":[{"href":"https:\/\/chemena.de\/cms\/wp-json\/wp\/v2\/pages"}],"about":[{"href":"https:\/\/chemena.de\/cms\/wp-json\/wp\/v2\/types\/page"}],"author":[{"embeddable":true,"href":"https:\/\/chemena.de\/cms\/wp-json\/wp\/v2\/users\/2"}],"replies":[{"embeddable":true,"href":"https:\/\/chemena.de\/cms\/wp-json\/wp\/v2\/comments?post=258"}],"version-history":[{"count":4,"href":"https:\/\/chemena.de\/cms\/wp-json\/wp\/v2\/pages\/258\/revisions"}],"predecessor-version":[{"id":1529,"href":"https:\/\/chemena.de\/cms\/wp-json\/wp\/v2\/pages\/258\/revisions\/1529"}],"up":[{"embeddable":true,"href":"https:\/\/chemena.de\/cms\/wp-json\/wp\/v2\/pages\/133"}],"wp:attachment":[{"href":"https:\/\/chemena.de\/cms\/wp-json\/wp\/v2\/media?parent=258"}],"curies":[{"name":"wp","href":"https:\/\/api.w.org\/{rel}","templated":true}]}}