{"id":256,"date":"2018-10-31T21:38:16","date_gmt":"2018-10-31T20:38:16","guid":{"rendered":"http:\/\/browny2.bplaced.net\/wp2\/?page_id=256"},"modified":"2025-07-25T09:13:17","modified_gmt":"2025-07-25T07:13:17","slug":"synex","status":"publish","type":"page","link":"https:\/\/chemena.de\/cms\/produkte\/synex\/","title":{"rendered":"Synex"},"content":{"rendered":"\n<div class=\"is-layout-flex wp-container-3 wp-block-columns\">\n<div class=\"is-layout-flow wp-block-column\" style=\"flex-basis:66.66%\">\n<h4>Das teilsynthetische Hochleistungsschmiermittel<\/h4>\n\n\n<div class=\"wp-block-image\">\n<figure class=\"alignleft\"><img decoding=\"async\" src=\"https:\/\/chemena.de\/cms\/wp-content\/uploads\/2018\/11\/synex.jpg\" alt=\"Synex\" class=\"wp-image-177\"\/><\/figure><\/div>\n\n\n<p>Synex ist ein heller Extremschmierstoff auf teilsynthetischer Basis.<\/p>\n\n\n\n<p>Seine Eigenschaften erlauben die Anwendung im Temperaturbereich von ca. -35 C\u00b0 bis ca. +130 C\u00b0 und kurzfristig in der Spitze bis ca. +200 C\u00b0. Durch sein vorz\u00fcgliches Kriechverm\u00f6gen gelangt es selbst in feinste Zwischenr\u00e4ume und sch\u00fctzt vor Verschlei\u00df und Korrosion.<\/p>\n\n\n\n<p>Vor dem Gebrauch Dose kr\u00e4ftig sch\u00fctteln und die zu behandelnden Stellen reinigen. Synex aus ca. 20 cm Abstand gezielt auftragen und dabei \u00dcberschuss vermeiden. Nach dem Verfl\u00fcchtigen des L\u00f6semittelanteils setzt die gew\u00fcnschte Haftwirkung ein.<\/p>\n<\/div>\n\n\n\n<div class=\"is-layout-flow wp-block-column\" style=\"flex-basis:33.33%\">\n<ul>\n<li>Sehr kriechf\u00e4higer Extremschmierstoff<\/li>\n\n\n\n<li>Hohe Temperaturbest\u00e4ndigkeit<\/li>\n\n\n\n<li>Wasser- und Salzwasser abweisend<\/li>\n\n\n\n<li>Schleuderfest, z\u00e4hhaftend und druckbest\u00e4ndig<\/li>\n\n\n\n<li>Idealer Korrosionsschutz<\/li>\n<\/ul>\n\n\n\n<h3>Anwendungsgebiete:<\/h3>\n\n\n\n<ul>\n<li>Rollen- und Kugellager<\/li>\n\n\n\n<li>Zahnr\u00e4der, Seile, Gelenke<\/li>\n\n\n\n<li>Abf\u00fcll- und F\u00f6rdereinrichtungen<\/li>\n\n\n\n<li>Bolzen und W\u00e4lzlager<\/li>\n\n\n\n<li>Ketten und Schneckengetriebe<\/li>\n<\/ul>\n\n\n\n<h5><a href=\"https:\/\/chemena.de\/cms\/wp-content\/uploads\/2020\/09\/Flyer-Syn-Ex_2018-08-6c-final.pdf\" target=\"_blank\" rel=\"noreferrer noopener\">Download Synex PDF<\/a><\/h5>\n\n\n\n<h5><a href=\"https:\/\/chemena.de\/cms\/wp-content\/uploads\/2025\/07\/SDB-Synex-Chemena-01-2022.pdf\" target=\"_blank\" rel=\"noopener\" title=\"\">Sicherheits-Datenblatt<\/a><\/h5>\n\n\n\n<h5><a href=\"https:\/\/chemena.de\/cms\/produkte\/\">Zur \u00dcbersicht<\/a><\/h5>\n\n\n\n<h5><a href=\"https:\/\/chemena.de\/cms\/produkte\/brennox-spezial\/\">N\u00e4chstes Produkt<\/a><\/h5>\n<\/div>\n<\/div>\n","protected":false},"excerpt":{"rendered":"<p>Das teilsynthetische Hochleistungsschmiermittel Synex ist ein heller Extremschmierstoff auf teilsynthetischer Basis. Seine Eigenschaften erlauben die Anwendung im Temperaturbereich von ca. -35 C\u00b0 bis ca. +130 C\u00b0 und kurzfristig in der Spitze bis ca. +200 C\u00b0. Durch sein vorz\u00fcgliches Kriechverm\u00f6gen gelangt es selbst in feinste Zwischenr\u00e4ume und sch\u00fctzt vor Verschlei\u00df und Korrosion. Vor dem Gebrauch Dose <a class=\"more-link\" href=\"https:\/\/chemena.de\/cms\/produkte\/synex\/\">Weiterlesen <i class=\"fa fa-chevron-right\"><\/i><\/a><\/p>\n","protected":false},"author":2,"featured_media":0,"parent":133,"menu_order":385,"comment_status":"closed","ping_status":"closed","template":"page-fullwidth.php","meta":[],"aioseo_notices":[],"_links":{"self":[{"href":"https:\/\/chemena.de\/cms\/wp-json\/wp\/v2\/pages\/256"}],"collection":[{"href":"https:\/\/chemena.de\/cms\/wp-json\/wp\/v2\/pages"}],"about":[{"href":"https:\/\/chemena.de\/cms\/wp-json\/wp\/v2\/types\/page"}],"author":[{"embeddable":true,"href":"https:\/\/chemena.de\/cms\/wp-json\/wp\/v2\/users\/2"}],"replies":[{"embeddable":true,"href":"https:\/\/chemena.de\/cms\/wp-json\/wp\/v2\/comments?post=256"}],"version-history":[{"count":7,"href":"https:\/\/chemena.de\/cms\/wp-json\/wp\/v2\/pages\/256\/revisions"}],"predecessor-version":[{"id":1556,"href":"https:\/\/chemena.de\/cms\/wp-json\/wp\/v2\/pages\/256\/revisions\/1556"}],"up":[{"embeddable":true,"href":"https:\/\/chemena.de\/cms\/wp-json\/wp\/v2\/pages\/133"}],"wp:attachment":[{"href":"https:\/\/chemena.de\/cms\/wp-json\/wp\/v2\/media?parent=256"}],"curies":[{"name":"wp","href":"https:\/\/api.w.org\/{rel}","templated":true}]}}