{"id":246,"date":"2018-10-31T21:34:30","date_gmt":"2018-10-31T20:34:30","guid":{"rendered":"http:\/\/browny2.bplaced.net\/wp2\/?page_id=246"},"modified":"2025-01-16T10:35:05","modified_gmt":"2025-01-16T09:35:05","slug":"quick-star","status":"publish","type":"page","link":"https:\/\/chemena.de\/cms\/produkte\/quick-star\/","title":{"rendered":"Quick Star"},"content":{"rendered":"\n<div class=\"is-layout-flex wp-container-3 wp-block-columns\">\n<div class=\"is-layout-flow wp-block-column\" style=\"flex-basis:66.66%\">\n<h4>Das perfekte Pflegeprodukt f\u00fcr sensible Oberfl\u00e4chen<\/h4>\n\n\n<div class=\"wp-block-image\">\n<figure class=\"alignleft\"><img decoding=\"async\" src=\"https:\/\/chemena.de\/cms\/wp-content\/uploads\/2018\/11\/quick_star.jpg\" alt=\"Quick Star\" class=\"wp-image-177\"\/><\/figure><\/div>\n\n\n<p>Quick Star ist das universell, vielseitig verwendbare Pflegeprodukt f\u00fcr nahezu alle alkoholbest\u00e4ndigen Oberfl\u00e4chen.<\/p>\n\n\n\n<p>Besonders reinigungsaktiv beim L\u00f6sen von Schmutz, Fett, \u00d6l, Staub, Fingerabdr\u00fccken und Insektenr\u00fcckst\u00e4nden.<\/p>\n\n\n\n<p>Bedingt durch das Einsatzgebiet und die Intensit\u00e4t der Verschmutzung ist Quick Star im Mischungsverh\u00e4ltnis mit Wasser von 1:1 bis 1:40 (1 Teil Quick Star und 40 Teile Wasser) zu verd\u00fcnnen.<\/p>\n\n\n\n<p>Beim Reinigungsvorgang wird die zu s\u00e4ubernde Oberfl\u00e4che im Spr\u00fch- oder Wischverfahren satt befeuchtet und anschlie\u00dfend mittels Papiertuch oder saugf\u00e4higem Lappen trocken nachgewischt.<\/p>\n\n\n\n<p>Zur schnellen, zeitsparenden Reinigung von Glasscheiben empfiehlt sich besonders der Einsatz eines Abziehers mit Gummilippe.<\/p>\n<\/div>\n\n\n\n<div class=\"is-layout-flow wp-block-column\" style=\"flex-basis:33.33%\">\n<ul>\n<li>hoch schmutzl\u00f6send<\/li>\n\n\n\n<li>r\u00fcckstandslos<\/li>\n\n\n\n<li>streifenfrei<\/li>\n\n\n\n<li>antistatisch<\/li>\n\n\n\n<li>antibeschlagend<\/li>\n\n\n\n<li>\u00e4u\u00dferst vielseitig<\/li>\n\n\n\n<li>wirtschaftlich<\/li>\n\n\n\n<li>extrem sparsam<\/li>\n<\/ul>\n\n\n\n<h3>Anwendungsgebiete:<\/h3>\n\n\n\n<ul>\n<li>Scheiben<\/li>\n\n\n\n<li>Spiegel<\/li>\n\n\n\n<li>Glas<\/li>\n\n\n\n<li>Plexiglas<\/li>\n\n\n\n<li>Keramik<\/li>\n\n\n\n<li>Edelstahl<\/li>\n\n\n\n<li>VA-Materialien<\/li>\n\n\n\n<li>Chrom<\/li>\n\n\n\n<li>Fliesen<\/li>\n\n\n\n<li>Armaturen<\/li>\n\n\n\n<li>T\u00fcren<\/li>\n\n\n\n<li>Fenster<\/li>\n\n\n\n<li>Kunststoffe<\/li>\n\n\n\n<li>lackierte Oberfl\u00e4chen<\/li>\n<\/ul>\n\n\n\n<h5><a href=\"https:\/\/chemena.de\/cms\/wp-content\/uploads\/2018\/11\/Flyer-Quick_Star_2016-01-6c-final.pdf\" target=\"_blank\" rel=\"noreferrer noopener\">Download Quick Star PDF<\/a><\/h5>\n\n\n\n<h5><a href=\"https:\/\/chemena.de\/cms\/wp-content\/uploads\/2025\/01\/SDB-Quick-Star-DE1563.pdf\" target=\"_blank\" rel=\"noopener\" title=\"\">Sicherheits-Datenblatt<\/a><\/h5>\n\n\n\n<h5><a href=\"https:\/\/chemena.de\/cms\/produkte\/\">Zur \u00dcbersicht<\/a><\/h5>\n\n\n\n<h5><a href=\"https:\/\/chemena.de\/cms\/produkte\/graffity-fix\/\">N\u00e4chstes Produkt<\/a><\/h5>\n<\/div>\n<\/div>\n","protected":false},"excerpt":{"rendered":"<p>Das perfekte Pflegeprodukt f\u00fcr sensible Oberfl\u00e4chen Quick Star ist das universell, vielseitig verwendbare Pflegeprodukt f\u00fcr nahezu alle alkoholbest\u00e4ndigen Oberfl\u00e4chen. Besonders reinigungsaktiv beim L\u00f6sen von Schmutz, Fett, \u00d6l, Staub, Fingerabdr\u00fccken und Insektenr\u00fcckst\u00e4nden. Bedingt durch das Einsatzgebiet und die Intensit\u00e4t der Verschmutzung ist Quick Star im Mischungsverh\u00e4ltnis mit Wasser von 1:1 bis 1:40 (1 Teil Quick Star <a class=\"more-link\" href=\"https:\/\/chemena.de\/cms\/produkte\/quick-star\/\">Weiterlesen <i class=\"fa fa-chevron-right\"><\/i><\/a><\/p>\n","protected":false},"author":2,"featured_media":0,"parent":133,"menu_order":360,"comment_status":"closed","ping_status":"closed","template":"page-fullwidth.php","meta":[],"aioseo_notices":[],"_links":{"self":[{"href":"https:\/\/chemena.de\/cms\/wp-json\/wp\/v2\/pages\/246"}],"collection":[{"href":"https:\/\/chemena.de\/cms\/wp-json\/wp\/v2\/pages"}],"about":[{"href":"https:\/\/chemena.de\/cms\/wp-json\/wp\/v2\/types\/page"}],"author":[{"embeddable":true,"href":"https:\/\/chemena.de\/cms\/wp-json\/wp\/v2\/users\/2"}],"replies":[{"embeddable":true,"href":"https:\/\/chemena.de\/cms\/wp-json\/wp\/v2\/comments?post=246"}],"version-history":[{"count":10,"href":"https:\/\/chemena.de\/cms\/wp-json\/wp\/v2\/pages\/246\/revisions"}],"predecessor-version":[{"id":1527,"href":"https:\/\/chemena.de\/cms\/wp-json\/wp\/v2\/pages\/246\/revisions\/1527"}],"up":[{"embeddable":true,"href":"https:\/\/chemena.de\/cms\/wp-json\/wp\/v2\/pages\/133"}],"wp:attachment":[{"href":"https:\/\/chemena.de\/cms\/wp-json\/wp\/v2\/media?parent=246"}],"curies":[{"name":"wp","href":"https:\/\/api.w.org\/{rel}","templated":true}]}}