{"id":240,"date":"2018-10-31T21:33:17","date_gmt":"2018-10-31T20:33:17","guid":{"rendered":"http:\/\/browny2.bplaced.net\/wp2\/?page_id=240"},"modified":"2025-01-16T10:30:55","modified_gmt":"2025-01-16T09:30:55","slug":"bitera","status":"publish","type":"page","link":"https:\/\/chemena.de\/cms\/produkte\/bitera\/","title":{"rendered":"Bitera"},"content":{"rendered":"\n<div class=\"is-layout-flex wp-container-3 wp-block-columns\">\n<div class=\"is-layout-flow wp-block-column\" style=\"flex-basis:66.66%\">\n<h4>Der hochwirksame Bitumen- und Asphaltl\u00f6ser<\/h4>\n\n\n<div class=\"wp-block-image\">\n<figure class=\"alignleft\"><img decoding=\"async\" src=\"https:\/\/chemena.de\/cms\/wp-content\/uploads\/2018\/11\/bitera.jpg\" alt=\"Bitera\" class=\"wp-image-177\"\/><\/figure><\/div>\n\n\n<p>Bitera ist der zuverl\u00e4ssige Speziall\u00f6ser zur m\u00fchelosen Entfernung von Bitumen- und Asphaltverunreinigungen sowie Ru\u00df- und verschiedenen Wachsablagerungen.<\/p>\n\n\n\n<p>Bitera kommt in der Regel unverd\u00fcnnt zur Anwendung, kann aber auch bei Bedarf geringf\u00fcgig mit Wasser vermischt werden.<\/p>\n\n\n\n<p>Unter Ber\u00fccksichtigung einer umweltgerechten Entsorgung (\u00d6labscheider) wird die zu reinigende Oberfl\u00e4che mit Bitera gleichm\u00e4\u00dfig satt eingespr\u00fcht.<\/p>\n\n\n\n<p>Abh\u00e4ngig vom Grad der Verschmutzung kann der zu l\u00f6sende R\u00fcckstand oft schon nach kurzer Einwirkzeit mit Wasser bzw. Hochdruckger\u00e4t abgespritzt, oder mittels Tuch oder Lappen entfernt werden; bei st\u00e4rkerer Verschmutzung ggf. Vorgang wiederholen.<\/p>\n<\/div>\n\n\n\n<div class=\"is-layout-flow wp-block-column\" style=\"flex-basis:33.33%\">\n<ul>\n<li>l\u00f6st zuverl\u00e4ssig Bitumen- und Asphaltverschmutzungen<\/li>\n\n\n\n<li>entfernt Ru\u00dfpartikel und diverse Wachsablagerungen<\/li>\n\n\n\n<li>f\u00fcr Fahrzeuge, Werkzeuge und Ger\u00e4te etc.<\/li>\n\n\n\n<li>\u00e4u\u00dferst geruchsarm<\/li>\n\n\n\n<li>schnell, kraftvoll und gr\u00fcndlich<\/li>\n<\/ul>\n\n\n\n<h3>Anwendungsgebiete:<\/h3>\n\n\n\n<ul>\n<li>Bauh\u00f6fe<\/li>\n\n\n\n<li>Autobahn- und Stra\u00dfenmeistereien<\/li>\n\n\n\n<li>Bauunternehmen<\/li>\n\n\n\n<li>Dachdecker<\/li>\n\n\n\n<li>Bitumen verarbeitende Betriebe<\/li>\n<\/ul>\n\n\n\n<h5><a href=\"https:\/\/chemena.de\/cms\/wp-content\/uploads\/2018\/11\/Flyer-Bitera_2016-01-6c-final.pdf\" target=\"_blank\" rel=\"noreferrer noopener\">Download Bitera PDF<\/a><\/h5>\n\n\n\n<h5><a href=\"https:\/\/chemena.de\/cms\/wp-content\/uploads\/2025\/01\/SDB-Bitera-DE1591.pdf\" target=\"_blank\" rel=\"noopener\" title=\"\">Sicherheits-Datenblatt<\/a><\/h5>\n\n\n\n<h5><a href=\"https:\/\/chemena.de\/cms\/produkte\/\">Zur \u00dcbersicht<\/a><\/h5>\n\n\n\n<h5><a href=\"https:\/\/chemena.de\/cms\/produkte\/star-wash-carat\/\">N\u00e4chstes Produkt<\/a><\/h5>\n<\/div>\n<\/div>\n","protected":false},"excerpt":{"rendered":"<p>Der hochwirksame Bitumen- und Asphaltl\u00f6ser Bitera ist der zuverl\u00e4ssige Speziall\u00f6ser zur m\u00fchelosen Entfernung von Bitumen- und Asphaltverunreinigungen sowie Ru\u00df- und verschiedenen Wachsablagerungen. Bitera kommt in der Regel unverd\u00fcnnt zur Anwendung, kann aber auch bei Bedarf geringf\u00fcgig mit Wasser vermischt werden. Unter Ber\u00fccksichtigung einer umweltgerechten Entsorgung (\u00d6labscheider) wird die zu reinigende Oberfl\u00e4che mit Bitera gleichm\u00e4\u00dfig satt <a class=\"more-link\" href=\"https:\/\/chemena.de\/cms\/produkte\/bitera\/\">Weiterlesen <i class=\"fa fa-chevron-right\"><\/i><\/a><\/p>\n","protected":false},"author":2,"featured_media":0,"parent":133,"menu_order":350,"comment_status":"closed","ping_status":"closed","template":"page-fullwidth.php","meta":[],"aioseo_notices":[],"_links":{"self":[{"href":"https:\/\/chemena.de\/cms\/wp-json\/wp\/v2\/pages\/240"}],"collection":[{"href":"https:\/\/chemena.de\/cms\/wp-json\/wp\/v2\/pages"}],"about":[{"href":"https:\/\/chemena.de\/cms\/wp-json\/wp\/v2\/types\/page"}],"author":[{"embeddable":true,"href":"https:\/\/chemena.de\/cms\/wp-json\/wp\/v2\/users\/2"}],"replies":[{"embeddable":true,"href":"https:\/\/chemena.de\/cms\/wp-json\/wp\/v2\/comments?post=240"}],"version-history":[{"count":5,"href":"https:\/\/chemena.de\/cms\/wp-json\/wp\/v2\/pages\/240\/revisions"}],"predecessor-version":[{"id":1524,"href":"https:\/\/chemena.de\/cms\/wp-json\/wp\/v2\/pages\/240\/revisions\/1524"}],"up":[{"embeddable":true,"href":"https:\/\/chemena.de\/cms\/wp-json\/wp\/v2\/pages\/133"}],"wp:attachment":[{"href":"https:\/\/chemena.de\/cms\/wp-json\/wp\/v2\/media?parent=240"}],"curies":[{"name":"wp","href":"https:\/\/api.w.org\/{rel}","templated":true}]}}