{"id":232,"date":"2018-10-31T21:31:11","date_gmt":"2018-10-31T20:31:11","guid":{"rendered":"http:\/\/browny2.bplaced.net\/wp2\/?page_id=232"},"modified":"2025-01-16T10:26:34","modified_gmt":"2025-01-16T09:26:34","slug":"white-cover","status":"publish","type":"page","link":"https:\/\/chemena.de\/cms\/produkte\/white-cover\/","title":{"rendered":"White Cover"},"content":{"rendered":"\n<div class=\"is-layout-flex wp-container-3 wp-block-columns\">\n<div class=\"is-layout-flow wp-block-column\" style=\"flex-basis:66.66%\">\n<h4>Das High-Tech Korrosionsschutzwachs<\/h4>\n\n\n<div class=\"wp-block-image\">\n<figure class=\"alignleft\"><img decoding=\"async\" src=\"https:\/\/chemena.de\/cms\/wp-content\/uploads\/2018\/11\/white_cover.jpg\" alt=\"White Cover\" class=\"wp-image-177\"\/><\/figure><\/div>\n\n\n<p>White Cover ist das gebrauchsfertige Korrosionsschutzwachs f\u00fcr den Langzeitschutz von Fahrzeugen, Maschinen und Ger\u00e4tschaften aller Art. Ideal \u00fcberall dort, wo korrosionsanf\u00e4llige, lackierte oder unlackierte Oberfl\u00e4chen dauerhaft gesch\u00fctzt werden sollen.<\/p>\n\n\n\n<p>White Cover wird unverd\u00fcnnt im Spr\u00fchverfahren auf die stets trockene Materialoberfl\u00e4che fl\u00e4chendeckend d\u00fcnn aufgetragen und kann bei Bedarf auch im Tauchverfahren eingesetzt werden.<\/p>\n\n\n\n<p>Nach der z\u00fcgigen Verfl\u00fcchtigung der im Produkt enthaltenen L\u00f6semittelbestandteile bildet sich schnell der gew\u00fcnschte dauerelastische und witterungsresistente Wachsschutzfilm. Durch mehrmaliges Auftragen verbessert sich die Schichtst\u00e4rke und folglich der Korrosionsschutz.<\/p>\n\n\n\n<p>White Cover eignet sich f\u00fcr den \u00dcberseetransport und als Unterbodenschutz bei Fahrzeugen.<\/p>\n\n\n\n<p>Vor Gebrauch aufr\u00fchren.<\/p>\n<\/div>\n\n\n\n<div class=\"is-layout-flow wp-block-column\" style=\"flex-basis:33.33%\">\n<ul>\n<li>Bildet dauerelastische Wachsschutzschicht<\/li>\n\n\n\n<li>Sch\u00fctzt wirksam gegen aggressive D\u00e4mpfe und Salzwassereinfluss<\/li>\n\n\n\n<li>Bietet witterungsbest\u00e4ndige Langzeitkonservierung<\/li>\n\n\n\n<li>Schnelles Abl\u00fcfteverm\u00f6gen<\/li>\n\n\n\n<li>Staubabweisend durch Antistatikum<\/li>\n\n\n\n<li>Gebrauchsfertig und unbegrenzt lagerf\u00e4hig<\/li>\n<\/ul>\n\n\n\n<h3>Anwendungsgebiete:<\/h3>\n\n\n\n<ul>\n<li>Kommunaler Fuhrpark<\/li>\n\n\n\n<li>Speditions- und Transportgewerbe<\/li>\n\n\n\n<li>Maschinen- und Ger\u00e4tepark<\/li>\n\n\n\n<li>Werkzeug- und Formenbau<\/li>\n\n\n\n<li>Lagerwirtschaft<\/li>\n\n\n\n<li>Versandwesen<\/li>\n<\/ul>\n\n\n\n<h5><a href=\"https:\/\/chemena.de\/cms\/wp-content\/uploads\/2018\/11\/Flyer-White_Cover_2016-01-6c-final.pdf\" target=\"_blank\" rel=\"noreferrer noopener\">Download White Cover PDF<\/a><\/h5>\n\n\n\n<h5><a href=\"https:\/\/chemena.de\/cms\/wp-content\/uploads\/2025\/01\/SDB-White-Cover-DE1595.pdf\" target=\"_blank\" rel=\"noopener\" title=\"\">Sicherheits-Datenblatt<\/a><\/h5>\n\n\n\n<h5><a href=\"https:\/\/chemena.de\/cms\/produkte\/\">Zur \u00dcbersicht<\/a><\/h5>\n\n\n\n<h5><a href=\"https:\/\/chemena.de\/cms\/produkte\/fe-o-control\/\">N\u00e4chstes Produkt<\/a><\/h5>\n<\/div>\n<\/div>\n","protected":false},"excerpt":{"rendered":"<p>Das High-Tech Korrosionsschutzwachs White Cover ist das gebrauchsfertige Korrosionsschutzwachs f\u00fcr den Langzeitschutz von Fahrzeugen, Maschinen und Ger\u00e4tschaften aller Art. Ideal \u00fcberall dort, wo korrosionsanf\u00e4llige, lackierte oder unlackierte Oberfl\u00e4chen dauerhaft gesch\u00fctzt werden sollen. White Cover wird unverd\u00fcnnt im Spr\u00fchverfahren auf die stets trockene Materialoberfl\u00e4che fl\u00e4chendeckend d\u00fcnn aufgetragen und kann bei Bedarf auch im Tauchverfahren eingesetzt werden. <a class=\"more-link\" href=\"https:\/\/chemena.de\/cms\/produkte\/white-cover\/\">Weiterlesen <i class=\"fa fa-chevron-right\"><\/i><\/a><\/p>\n","protected":false},"author":2,"featured_media":0,"parent":133,"menu_order":330,"comment_status":"closed","ping_status":"closed","template":"page-fullwidth.php","meta":[],"aioseo_notices":[],"_links":{"self":[{"href":"https:\/\/chemena.de\/cms\/wp-json\/wp\/v2\/pages\/232"}],"collection":[{"href":"https:\/\/chemena.de\/cms\/wp-json\/wp\/v2\/pages"}],"about":[{"href":"https:\/\/chemena.de\/cms\/wp-json\/wp\/v2\/types\/page"}],"author":[{"embeddable":true,"href":"https:\/\/chemena.de\/cms\/wp-json\/wp\/v2\/users\/2"}],"replies":[{"embeddable":true,"href":"https:\/\/chemena.de\/cms\/wp-json\/wp\/v2\/comments?post=232"}],"version-history":[{"count":6,"href":"https:\/\/chemena.de\/cms\/wp-json\/wp\/v2\/pages\/232\/revisions"}],"predecessor-version":[{"id":1522,"href":"https:\/\/chemena.de\/cms\/wp-json\/wp\/v2\/pages\/232\/revisions\/1522"}],"up":[{"embeddable":true,"href":"https:\/\/chemena.de\/cms\/wp-json\/wp\/v2\/pages\/133"}],"wp:attachment":[{"href":"https:\/\/chemena.de\/cms\/wp-json\/wp\/v2\/media?parent=232"}],"curies":[{"name":"wp","href":"https:\/\/api.w.org\/{rel}","templated":true}]}}