{"id":133,"date":"2018-10-29T20:59:39","date_gmt":"2018-10-29T19:59:39","guid":{"rendered":"http:\/\/browny2.bplaced.net\/wp2\/?page_id=133"},"modified":"2023-12-06T15:10:04","modified_gmt":"2023-12-06T14:10:04","slug":"produkte","status":"publish","type":"page","link":"https:\/\/chemena.de\/cms\/produkte\/","title":{"rendered":"Produkte"},"content":{"rendered":"\n<div class=\"is-layout-flex wp-container-51 wp-block-columns\">\n<div class=\"is-layout-flow wp-block-column\" style=\"flex-basis:66.66%\">\n<p>In Zusammenarbeit mit unserem DIN EN ISO 9001:2000 zertifizierten Kooperationspartner werden alle Produkte im modernem&nbsp; Produktionsverfahren auf&nbsp; h\u00f6chstem Niveau konzipiert und gefertigt.<\/p>\n\n\n\n<p>Im Rahmen der Qualit\u00e4tssicherung im QM \u2013 System ist es \u00fcblich, f\u00fcr jede Charge eines Produktes eine Chargenr\u00fcckstellung f\u00fcr ein Jahr zu gew\u00e4hrleisten.<\/p>\n\n\n\n<p>Unser Qualit\u00e4tsziel bringen wir stets in Einklang mit dem \u00f6kologischen Anspruchsdenken der heutigen und der zuk\u00fcnftigen Generation. Gerade in der Verpflichtung gegen\u00fcber unserer Umwelt sind wir immer bestrebt, den effektivsten Produktnutzen bei minimalster Beeintr\u00e4chtigung f\u00fcr den Anwender und sein Umfeld zu erzielen.<\/p>\n\n\n\n<h2>Produkt\u00fcbersicht<\/h2>\n\n\n\n<div class=\"is-layout-flex wp-container-3 wp-block-columns\">\n<div class=\"is-layout-flow wp-block-column\">\n<figure class=\"wp-block-image size-full\"><a href=\"https:\/\/chemena.de\/cms\/produkte\/blue-spirit\/\"><img decoding=\"async\" loading=\"lazy\" width=\"300\" height=\"180\" src=\"https:\/\/chemena.de\/cms\/wp-content\/uploads\/2023\/12\/blue_spirit_thumb.jpg\" alt=\"\" class=\"wp-image-1431\"\/><\/a><\/figure>\n\n\n\n<h4>Blue Spirit<\/h4>\n\n\n\n<p>Der kraftvolle, multifunktionale<br>Industriereiniger<\/p>\n<\/div>\n\n\n\n<div class=\"is-layout-flow wp-block-column\">\n<figure class=\"wp-block-image size-full\"><a href=\"https:\/\/chemena.de\/cms\/produkte\/clean-royal\/\"><img decoding=\"async\" loading=\"lazy\" width=\"300\" height=\"180\" src=\"https:\/\/chemena.de\/cms\/wp-content\/uploads\/2023\/12\/clean_royal_thumb.jpg\" alt=\"\" class=\"wp-image-1433\"\/><\/a><\/figure>\n\n\n\n<h4>Clean Royal<\/h4>\n\n\n\n<p>Das umweltbewusste<br>Sicherheitsl\u00f6semittel<\/p>\n<\/div>\n<\/div>\n\n\n\n<div class=\"is-layout-flex wp-container-6 wp-block-columns\">\n<div class=\"is-layout-flow wp-block-column\">\n<figure class=\"wp-block-image size-full\"><a href=\"https:\/\/chemena.de\/cms\/produkte\/orange-oxipass\/\"><img decoding=\"async\" loading=\"lazy\" width=\"300\" height=\"180\" src=\"https:\/\/chemena.de\/cms\/wp-content\/uploads\/2023\/12\/orange_oxipass_thumb.jpg\" alt=\"\" class=\"wp-image-1435\"\/><\/a><\/figure>\n\n\n\n<h4>Orange Oxipass<\/h4>\n\n\n\n<p>Der Spezialreiniger mit<br>passivierender Wirkung<\/p>\n<\/div>\n\n\n\n<div class=\"is-layout-flow wp-block-column\">\n<figure class=\"wp-block-image size-full\"><a href=\"https:\/\/chemena.de\/cms\/produkte\/golden-acid\/\"><img decoding=\"async\" loading=\"lazy\" width=\"300\" height=\"180\" src=\"https:\/\/chemena.de\/cms\/wp-content\/uploads\/2023\/12\/golden_acid_thumb.jpg\" alt=\"\" class=\"wp-image-1436\"\/><\/a><\/figure>\n\n\n\n<h4>Golden Acid<\/h4>\n\n\n\n<p>Der hochaktive Kraftreiniger<br>mineralischer R\u00fcckst\u00e4nde<\/p>\n<\/div>\n<\/div>\n\n\n\n<div class=\"is-layout-flex wp-container-9 wp-block-columns\">\n<div class=\"is-layout-flow wp-block-column\">\n<figure class=\"wp-block-image size-full\"><a href=\"https:\/\/chemena.de\/cms\/produkte\/konflex-super\/\"><img decoding=\"async\" loading=\"lazy\" width=\"300\" height=\"180\" src=\"https:\/\/chemena.de\/cms\/wp-content\/uploads\/2023\/12\/konflex_super_thumb.jpg\" alt=\"\" class=\"wp-image-1437\"\/><\/a><\/figure>\n\n\n\n<h4>Konflex Super<\/h4>\n\n\n\n<p>Der flexible Konservierer<br>der Extraklasse<\/p>\n<\/div>\n\n\n\n<div class=\"is-layout-flow wp-block-column\">\n<figure class=\"wp-block-image size-full\"><a href=\"https:\/\/chemena.de\/cms\/produkte\/white-cover\/\"><img decoding=\"async\" loading=\"lazy\" width=\"300\" height=\"181\" src=\"https:\/\/chemena.de\/cms\/wp-content\/uploads\/2023\/12\/white_cover_thumb.jpg\" alt=\"\" class=\"wp-image-1438\"\/><\/a><\/figure>\n\n\n\n<h4>White Cover<\/h4>\n\n\n\n<p>Das High-Tech<br>Korrosionsschutzwachs<\/p>\n<\/div>\n<\/div>\n\n\n\n<div class=\"is-layout-flex wp-container-12 wp-block-columns\">\n<div class=\"is-layout-flow wp-block-column\">\n<figure class=\"wp-block-image size-full\"><a href=\"https:\/\/chemena.de\/cms\/produkte\/fe-o-control\/\"><img decoding=\"async\" loading=\"lazy\" width=\"300\" height=\"180\" src=\"https:\/\/chemena.de\/cms\/wp-content\/uploads\/2023\/12\/fe_o_control_thumb.jpg\" alt=\"\" class=\"wp-image-1439\"\/><\/a><\/figure>\n\n\n\n<h4>Fe O \u2013 CONTROL<\/h4>\n\n\n\n<p>Bringt Rost schnell<br>unter Kontrolle<\/p>\n<\/div>\n\n\n\n<div class=\"is-layout-flow wp-block-column\">\n<figure class=\"wp-block-image size-full\"><a href=\"https:\/\/chemena.de\/cms\/produkte\/uni-soft\/\"><img decoding=\"async\" loading=\"lazy\" width=\"300\" height=\"180\" src=\"https:\/\/chemena.de\/cms\/wp-content\/uploads\/2023\/12\/uni_soft_thumb.jpg\" alt=\"\" class=\"wp-image-1440\"\/><\/a><\/figure>\n\n\n\n<h4>Uni-Soft<\/h4>\n\n\n\n<p>Der umweltfreundliche<br>Bio-Industriereiniger<\/p>\n<\/div>\n<\/div>\n\n\n\n<div class=\"is-layout-flex wp-container-15 wp-block-columns\">\n<div class=\"is-layout-flow wp-block-column\">\n<figure class=\"wp-block-image size-full\"><a href=\"https:\/\/chemena.de\/cms\/produkte\/multifix\/\"><img decoding=\"async\" loading=\"lazy\" width=\"300\" height=\"180\" src=\"https:\/\/chemena.de\/cms\/wp-content\/uploads\/2023\/12\/multifix_thumb.jpg\" alt=\"\" class=\"wp-image-1441\"\/><\/a><\/figure>\n\n\n\n<h4>Multifix<\/h4>\n\n\n\n<p>Das unentbehrliche<br>Profi-Multifunktions\u00f6l<\/p>\n<\/div>\n\n\n\n<div class=\"is-layout-flow wp-block-column\">\n<figure class=\"wp-block-image size-full\"><a href=\"https:\/\/chemena.de\/cms\/produkte\/bitera\/\"><img decoding=\"async\" loading=\"lazy\" width=\"300\" height=\"180\" src=\"https:\/\/chemena.de\/cms\/wp-content\/uploads\/2023\/12\/bitera_thumb.jpg\" alt=\"\" class=\"wp-image-1442\"\/><\/a><\/figure>\n\n\n\n<h4>Bitera<\/h4>\n\n\n\n<p>Der hochwirksame<br>Bitumen- und Asphaltl\u00f6ser<\/p>\n<\/div>\n<\/div>\n\n\n\n<div class=\"is-layout-flex wp-container-18 wp-block-columns\">\n<div class=\"is-layout-flow wp-block-column\">\n<figure class=\"wp-block-image size-full\"><a href=\"https:\/\/chemena.de\/cms\/produkte\/star-wash-carat\/\"><img decoding=\"async\" loading=\"lazy\" width=\"300\" height=\"180\" src=\"https:\/\/chemena.de\/cms\/wp-content\/uploads\/2023\/12\/star_wash_carat_thumb.jpg\" alt=\"\" class=\"wp-image-1443\"\/><\/a><\/figure>\n\n\n\n<h4>Star Wash Carat<\/h4>\n\n\n\n<p>Das All-in-one<br>Autopflegeprodukt<\/p>\n<\/div>\n\n\n\n<div class=\"is-layout-flow wp-block-column\">\n<figure class=\"wp-block-image size-full\"><a href=\"https:\/\/chemena.de\/cms\/produkte\/yellow-power\/\"><img decoding=\"async\" loading=\"lazy\" width=\"300\" height=\"181\" src=\"https:\/\/chemena.de\/cms\/wp-content\/uploads\/2023\/12\/yellow_power_thumb.jpg\" alt=\"\" class=\"wp-image-1444\"\/><\/a><\/figure>\n\n\n\n<h4>Yellow Power<\/h4>\n\n\n\n<p>Der alkalische Powerreiniger<br>mit Glanzeffekt<\/p>\n<\/div>\n<\/div>\n\n\n\n<div class=\"is-layout-flex wp-container-21 wp-block-columns\">\n<div class=\"is-layout-flow wp-block-column\">\n<figure class=\"wp-block-image size-full\"><a href=\"https:\/\/chemena.de\/cms\/produkte\/quick-star\/\"><img decoding=\"async\" loading=\"lazy\" width=\"300\" height=\"180\" src=\"https:\/\/chemena.de\/cms\/wp-content\/uploads\/2023\/12\/quick_star_thumb.jpg\" alt=\"\" class=\"wp-image-1445\"\/><\/a><\/figure>\n\n\n\n<h4>Quick Star<\/h4>\n\n\n\n<p>Das perfekte Pflegeprodukt<br>f\u00fcr sensible Oberfl\u00e4chen<\/p>\n<\/div>\n\n\n\n<div class=\"is-layout-flow wp-block-column\">\n<figure class=\"wp-block-image size-full\"><a href=\"https:\/\/chemena.de\/cms\/produkte\/graffity-fix\/\"><img decoding=\"async\" loading=\"lazy\" width=\"300\" height=\"180\" src=\"https:\/\/chemena.de\/cms\/wp-content\/uploads\/2023\/12\/graffiti_fix_thumb.jpg\" alt=\"\" class=\"wp-image-1446\"\/><\/a><\/figure>\n\n\n\n<h4>Graffity Fix<\/h4>\n\n\n\n<p>Graffity-, Farb- und<br>Beschichtungsentferner<\/p>\n<\/div>\n<\/div>\n\n\n\n<div class=\"is-layout-flex wp-container-24 wp-block-columns\">\n<div class=\"is-layout-flow wp-block-column\">\n<figure class=\"wp-block-image size-full\"><a href=\"https:\/\/chemena.de\/cms\/produkte\/teflow\/\"><img decoding=\"async\" loading=\"lazy\" width=\"300\" height=\"180\" src=\"https:\/\/chemena.de\/cms\/wp-content\/uploads\/2023\/12\/teflow_thumb.jpg\" alt=\"\" class=\"wp-image-1447\"\/><\/a><\/figure>\n\n\n\n<h4>Teflow<\/h4>\n\n\n\n<p>Hochwertiges PTFE-Gleit-,<br>Schmier- und Trennspray<\/p>\n<\/div>\n\n\n\n<div class=\"is-layout-flow wp-block-column\">\n<figure class=\"wp-block-image size-full\"><a href=\"https:\/\/chemena.de\/cms\/produkte\/sil-action\/\"><img decoding=\"async\" loading=\"lazy\" width=\"300\" height=\"181\" src=\"https:\/\/chemena.de\/cms\/wp-content\/uploads\/2023\/12\/sil_action_thumb.jpg\" alt=\"\" class=\"wp-image-1448\"\/><\/a><\/figure>\n\n\n\n<h4>Sil-Action<\/h4>\n\n\n\n<p>Hochwertiges Silikon-Gleit-,<br>Schmier- und Trennmittel<\/p>\n<\/div>\n<\/div>\n\n\n\n<div class=\"is-layout-flex wp-container-27 wp-block-columns\">\n<div class=\"is-layout-flow wp-block-column\">\n<figure class=\"wp-block-image size-full\"><a href=\"https:\/\/chemena.de\/cms\/produkte\/exotic-power\/\"><img decoding=\"async\" loading=\"lazy\" width=\"300\" height=\"180\" src=\"https:\/\/chemena.de\/cms\/wp-content\/uploads\/2023\/12\/exotic_power_thumb.jpg\" alt=\"\" class=\"wp-image-1449\"\/><\/a><\/figure>\n\n\n\n<h4>Exotic Power<\/h4>\n\n\n\n<p>Das multifunktionelle<br>Reinigungsspray<\/p>\n<\/div>\n\n\n\n<div class=\"is-layout-flow wp-block-column\">\n<figure class=\"wp-block-image size-full\"><a href=\"https:\/\/chemena.de\/cms\/produkte\/synex\/\"><img decoding=\"async\" loading=\"lazy\" width=\"300\" height=\"180\" src=\"https:\/\/chemena.de\/cms\/wp-content\/uploads\/2023\/12\/synex_thumb.jpg\" alt=\"\" class=\"wp-image-1450\"\/><\/a><\/figure>\n\n\n\n<h4>Synex<\/h4>\n\n\n\n<p>Das teilsynthetische<br>Hochleistungsschmiermittel<\/p>\n<\/div>\n<\/div>\n\n\n\n<div class=\"is-layout-flex wp-container-30 wp-block-columns\">\n<div class=\"is-layout-flow wp-block-column\">\n<figure class=\"wp-block-image size-full\"><a href=\"https:\/\/chemena.de\/cms\/produkte\/brennox-spezial\/\"><img decoding=\"async\" loading=\"lazy\" width=\"300\" height=\"180\" src=\"https:\/\/chemena.de\/cms\/wp-content\/uploads\/2023\/12\/brennox_spezial_thumb.jpg\" alt=\"\" class=\"wp-image-1451\"\/><\/a><\/figure>\n\n\n\n<h4>Brennox Spezial<\/h4>\n\n\n\n<p>Der extrastarke Intensivreiniger<br>f\u00fcr besonders hartn\u00e4ckige R\u00fcckst\u00e4nde<\/p>\n<\/div>\n\n\n\n<div class=\"is-layout-flow wp-block-column\">\n<figure class=\"wp-block-image size-full\"><a href=\"https:\/\/chemena.de\/cms\/produkte\/back-up\/\"><img decoding=\"async\" loading=\"lazy\" width=\"300\" height=\"180\" src=\"https:\/\/chemena.de\/cms\/wp-content\/uploads\/2023\/12\/back_up_thumb.jpg\" alt=\"\" class=\"wp-image-1452\"\/><\/a><\/figure>\n\n\n\n<h4>Back-Up<\/h4>\n\n\n\n<p>Der Backblechreiniger mit<br>selbstt\u00e4tiger Wirkung<\/p>\n<\/div>\n<\/div>\n\n\n\n<div class=\"is-layout-flex wp-container-33 wp-block-columns\">\n<div class=\"is-layout-flow wp-block-column\">\n<figure class=\"wp-block-image size-full\"><a href=\"https:\/\/chemena.de\/cms\/produkte\/top-floor\/\"><img decoding=\"async\" loading=\"lazy\" width=\"300\" height=\"181\" src=\"https:\/\/chemena.de\/cms\/wp-content\/uploads\/2023\/12\/top_floor_thumb.jpg\" alt=\"\" class=\"wp-image-1453\"\/><\/a><\/figure>\n\n\n\n<h4>TOP FLOOR<\/h4>\n\n\n\n<p>Die Vollglanzversiegelung<br>f\u00fcr Innenraumb\u00f6den<\/p>\n<\/div>\n\n\n\n<div class=\"is-layout-flow wp-block-column\">\n<figure class=\"wp-block-image size-full\"><a href=\"https:\/\/chemena.de\/cms\/produkte\/pink-ultra-sept\/\"><img decoding=\"async\" loading=\"lazy\" width=\"300\" height=\"180\" src=\"https:\/\/chemena.de\/cms\/wp-content\/uploads\/2023\/12\/pink_ultra_sept_thumb.jpg\" alt=\"\" class=\"wp-image-1454\"\/><\/a><\/figure>\n\n\n\n<h4>Pink Ultra Sept<\/h4>\n\n\n\n<p>Hochwirksames Fl\u00e4chen-<br>Desinfektionspr\u00e4parat<\/p>\n<\/div>\n<\/div>\n\n\n\n<div class=\"is-layout-flex wp-container-36 wp-block-columns\">\n<div class=\"is-layout-flow wp-block-column\">\n<figure class=\"wp-block-image size-full\"><a href=\"https:\/\/chemena.de\/cms\/produkte\/algotop\/\"><img decoding=\"async\" loading=\"lazy\" width=\"300\" height=\"180\" src=\"https:\/\/chemena.de\/cms\/wp-content\/uploads\/2023\/12\/algotop_thumb.jpg\" alt=\"\" class=\"wp-image-1455\"\/><\/a><\/figure>\n\n\n\n<h4>Algotop<\/h4>\n\n\n\n<p>Spezialreiniger zur Entfernung<br>organischer Ablagerungen<\/p>\n<\/div>\n\n\n\n<div class=\"is-layout-flow wp-block-column\">\n<figure class=\"wp-block-image size-full\"><a href=\"https:\/\/chemena.de\/cms\/produkte\/safeware\/\"><img decoding=\"async\" loading=\"lazy\" width=\"300\" height=\"180\" src=\"https:\/\/chemena.de\/cms\/wp-content\/uploads\/2023\/12\/safeware_thumb.jpg\" alt=\"\" class=\"wp-image-1456\"\/><\/a><\/figure>\n\n\n\n<h4>Safeware<\/h4>\n\n\n\n<p>Tiefenschutzpr\u00e4parat f\u00fcr<br>den Out- und Indoorbereich<\/p>\n<\/div>\n<\/div>\n\n\n\n<div class=\"is-layout-flex wp-container-39 wp-block-columns\">\n<div class=\"is-layout-flow wp-block-column\">\n<figure class=\"wp-block-image size-full\"><a href=\"https:\/\/chemena.de\/cms\/produkte\/green-finish\/\"><img decoding=\"async\" loading=\"lazy\" width=\"300\" height=\"180\" src=\"https:\/\/chemena.de\/cms\/wp-content\/uploads\/2023\/12\/green_finish_thumb.jpg\" alt=\"\" class=\"wp-image-1457\"\/><\/a><\/figure>\n\n\n\n<h4>Green Finish<\/h4>\n\n\n\n<p>Der hochkonzentrierte Radikal-<br>reiniger f\u00fcr Abfluss und Rohr<\/p>\n<\/div>\n\n\n\n<div class=\"is-layout-flow wp-block-column\">\n<figure class=\"wp-block-image size-full\"><a href=\"https:\/\/chemena.de\/cms\/produkte\/waste-kill\/\"><img decoding=\"async\" loading=\"lazy\" width=\"300\" height=\"180\" src=\"https:\/\/chemena.de\/cms\/wp-content\/uploads\/2023\/12\/waste_kill_thumb.jpg\" alt=\"\" class=\"wp-image-1458\"\/><\/a><\/figure>\n\n\n\n<h4>Waste Kill<\/h4>\n\n\n\n<p>Das Pr\u00e4parat zur<br>Geruchsneutralisierung<\/p>\n<\/div>\n<\/div>\n\n\n\n<div class=\"is-layout-flex wp-container-42 wp-block-columns\">\n<div class=\"is-layout-flow wp-block-column\">\n<figure class=\"wp-block-image size-full\"><a href=\"https:\/\/chemena.de\/cms\/produkte\/white-free\/\"><img decoding=\"async\" loading=\"lazy\" width=\"300\" height=\"180\" src=\"https:\/\/chemena.de\/cms\/wp-content\/uploads\/2023\/12\/white_free_thumb.jpg\" alt=\"\" class=\"wp-image-1459\"\/><\/a><\/figure>\n\n\n\n<h4>White Free<\/h4>\n\n\n\n<p>Das zuverl\u00e4ssige Schnee-<br>und Eisfreigranulat<\/p>\n<\/div>\n\n\n\n<div class=\"is-layout-flow wp-block-column\">\n<figure class=\"wp-block-image size-full\"><a href=\"https:\/\/chemena.de\/cms\/produkte\/handissimo\/\"><img decoding=\"async\" loading=\"lazy\" width=\"300\" height=\"182\" src=\"https:\/\/chemena.de\/cms\/wp-content\/uploads\/2023\/12\/handissimo_thumb.jpg\" alt=\"\" class=\"wp-image-1460\"\/><\/a><\/figure>\n\n\n\n<h4>Handissimo<\/h4>\n\n\n\n<p>Die professionelle Hauthygiene<br>am Arbeitsplatz<\/p>\n<\/div>\n<\/div>\n\n\n\n<div class=\"is-layout-flex wp-container-45 wp-block-columns\">\n<div class=\"is-layout-flow wp-block-column\">\n<figure class=\"wp-block-image size-full\"><a href=\"https:\/\/chemena.de\/cms\/produkte\/bio-solution\/\"><img decoding=\"async\" loading=\"lazy\" width=\"300\" height=\"180\" src=\"https:\/\/chemena.de\/cms\/wp-content\/uploads\/2023\/12\/bio_solution_thumb.jpg\" alt=\"\" class=\"wp-image-1461\"\/><\/a><\/figure>\n\n\n\n<h4>Bio Solution<\/h4>\n\n\n\n<p>Der kennzeichnungsfreie gebrauchsfertige L\u00f6semittelersatz<\/p>\n<\/div>\n\n\n\n<div class=\"is-layout-flow wp-block-column\">\n<figure class=\"wp-block-image size-full\"><a href=\"https:\/\/chemena.de\/cms\/produkte\/stone-ex\/\"><img decoding=\"async\" loading=\"lazy\" width=\"300\" height=\"180\" src=\"https:\/\/chemena.de\/cms\/wp-content\/uploads\/2023\/12\/stone-ex_thumb.jpg\" alt=\"\" class=\"wp-image-1462\"\/><\/a><\/figure>\n\n\n\n<h4>Stone Ex<\/h4>\n\n\n\n<p>Der kraftvolle Stein- und Betonreiniger f\u00fcr den Au\u00dfenbereich<\/p>\n<\/div>\n<\/div>\n\n\n\n<div class=\"is-layout-flex wp-container-48 wp-block-columns\">\n<div class=\"is-layout-flow wp-block-column\">\n<figure class=\"wp-block-image size-full\"><a href=\"https:\/\/chemena.de\/cms\/produkte\/zero-touch\/\"><img decoding=\"async\" loading=\"lazy\" width=\"300\" height=\"180\" src=\"https:\/\/chemena.de\/cms\/wp-content\/uploads\/2023\/12\/zero_touch_thumb.jpg\" alt=\"\" class=\"wp-image-1463\"\/><\/a><\/figure>\n\n\n\n<h4>Zero Touch<\/h4>\n\n\n\n<p>Der kennzeichnungsfreie, gebrauchsfertige L\u00f6semittelersatz<\/p>\n<\/div>\n\n\n\n<div class=\"is-layout-flow wp-block-column\"><\/div>\n<\/div>\n<\/div>\n\n\n\n<div class=\"is-layout-flow wp-block-column\" style=\"flex-basis:33.33%\">\n<figure class=\"wp-block-image\"><a href=\"https:\/\/chemena.de\/cms\/wp-content\/uploads\/2023\/10\/Chemena-Bestellschein_2023_08_003.pdf\" target=\"_blank\" rel=\"noreferrer noopener\"><img decoding=\"async\" src=\"https:\/\/chemena.de\/cms\/wp-content\/uploads\/2023\/10\/Chemena-Bestellschein_2023_08.jpg\" alt=\"Chemena Bestellschein\" class=\"wp-image-144\"\/><\/a><\/figure>\n\n\n\n<h5><a href=\"https:\/\/chemena.de\/cms\/wp-content\/uploads\/2023\/10\/Chemena-Bestellschein_2023_08_003.pdf\" target=\"_blank\" rel=\"noreferrer noopener\">Bestellschein zum Download<\/a><\/h5>\n\n\n\n<figure class=\"wp-block-image\"><a href=\"https:\/\/chemena.de\/cms\/produktuebersicht\/produktkatalog\/\"><img decoding=\"async\" loading=\"lazy\" width=\"300\" height=\"300\" src=\"https:\/\/chemena.de\/cms\/wp-content\/uploads\/2023\/01\/chemena-katalog_2019-icon.jpg\" alt=\"Chemena Produktkatalog\" class=\"wp-image-1236\" srcset=\"https:\/\/chemena.de\/cms\/wp-content\/uploads\/2023\/01\/chemena-katalog_2019-icon.jpg 300w, https:\/\/chemena.de\/cms\/wp-content\/uploads\/2023\/01\/chemena-katalog_2019-icon-150x150.jpg 150w, https:\/\/chemena.de\/cms\/wp-content\/uploads\/2023\/01\/chemena-katalog_2019-icon-200x200.jpg 200w, https:\/\/chemena.de\/cms\/wp-content\/uploads\/2023\/01\/chemena-katalog_2019-icon-60x60.jpg 60w\" sizes=\"(max-width: 300px) 100vw, 300px\" \/><\/a><\/figure>\n\n\n\n<h5><a href=\"https:\/\/chemena.de\/cms\/produktuebersicht\/produktkatalog\/\">Zum Produktkatalog<\/a><\/h5>\n<\/div>\n<\/div>\n","protected":false},"excerpt":{"rendered":"<p>In Zusammenarbeit mit unserem DIN EN ISO 9001:2000 zertifizierten Kooperationspartner werden alle Produkte im modernem&nbsp; Produktionsverfahren auf&nbsp; h\u00f6chstem Niveau konzipiert und gefertigt. Im Rahmen der Qualit\u00e4tssicherung im QM \u2013 System ist es \u00fcblich, f\u00fcr jede Charge eines Produktes eine Chargenr\u00fcckstellung f\u00fcr ein Jahr zu gew\u00e4hrleisten. Unser Qualit\u00e4tsziel bringen wir stets in Einklang mit dem \u00f6kologischen <a class=\"more-link\" href=\"https:\/\/chemena.de\/cms\/produkte\/\">Weiterlesen <i class=\"fa fa-chevron-right\"><\/i><\/a><\/p>\n","protected":false},"author":2,"featured_media":0,"parent":0,"menu_order":30,"comment_status":"closed","ping_status":"closed","template":"page-fullwidth.php","meta":[],"aioseo_notices":[],"_links":{"self":[{"href":"https:\/\/chemena.de\/cms\/wp-json\/wp\/v2\/pages\/133"}],"collection":[{"href":"https:\/\/chemena.de\/cms\/wp-json\/wp\/v2\/pages"}],"about":[{"href":"https:\/\/chemena.de\/cms\/wp-json\/wp\/v2\/types\/page"}],"author":[{"embeddable":true,"href":"https:\/\/chemena.de\/cms\/wp-json\/wp\/v2\/users\/2"}],"replies":[{"embeddable":true,"href":"https:\/\/chemena.de\/cms\/wp-json\/wp\/v2\/comments?post=133"}],"version-history":[{"count":22,"href":"https:\/\/chemena.de\/cms\/wp-json\/wp\/v2\/pages\/133\/revisions"}],"predecessor-version":[{"id":1466,"href":"https:\/\/chemena.de\/cms\/wp-json\/wp\/v2\/pages\/133\/revisions\/1466"}],"wp:attachment":[{"href":"https:\/\/chemena.de\/cms\/wp-json\/wp\/v2\/media?parent=133"}],"curies":[{"name":"wp","href":"https:\/\/api.w.org\/{rel}","templated":true}]}}